{"id":3409,"date":"2023-01-27T14:02:29","date_gmt":"2023-01-27T14:02:29","guid":{"rendered":"https:\/\/360dentalhospital.com\/patienten\/e-max-lamine-2\/"},"modified":"2023-02-07T00:26:38","modified_gmt":"2023-02-07T00:26:38","slug":"e-max-lamine-2","status":"publish","type":"page","link":"https:\/\/360dentalhospital.com\/de\/patienten\/e-max-lamine-2\/","title":{"rendered":"E-MAX Lamine"},"content":{"rendered":"<p>[section]<\/p>\n<p>[row v_align=&#8220;middle&#8220; h_align=&#8220;center&#8220;]<\/p>\n<p>[col span=&#8220;6&#8243; span__sm=&#8220;12&#8243; align=&#8220;center&#8220;]<\/p>\n<p>[ux_image id=&#8220;3081&#8243; image_size=&#8220;original&#8220; width=&#8220;80&#8243; width__sm=&#8220;100&#8243;]<\/p>\n<p>[\/col]<br \/>\n[col span=&#8220;6&#8243; span__sm=&#8220;12&#8243; sticky=&#8220;true&#8220;]<\/p>\n<p>[ux_text font_size=&#8220;1.9&#8243;]<\/p>\n<h1 style=\"margin: 0;\">E-MAX Lamine<\/h1>\n<p>[\/ux_text]<br \/>\n[divider width=&#8220;100%&#8220; color=&#8220;rgb(138, 198, 213)&#8220;]<\/p>\n<h4><strong>BEHANDLUNG<\/strong><\/h4>\n<p>Unser Patient Michael, der aus Orange County stammte, wollte wei\u00dfe Z\u00e4hne haben. Wir haben uns entschieden, Porzellan Emax Laminat f\u00fcr 24 Z\u00e4hne herzustellen. Mit der Wahl der Farbe OM1 haben wir eine gute Wahl getroffen. Michael verbrachte insgesamt 5 Stunden in der Klinik und genoss den Rest seiner Zeit einen wundersch\u00f6nen Urlaub. Istanbul ist wirklich eine wunderbare Stadt. <\/p>\n<p>[divider width=&#8220;100%&#8220; color=&#8220;rgb(138, 198, 213)&#8220;]<\/p>\n<p>[ux_text text_align=&#8220;center&#8220;]<\/p>\n<p style=\"font-size:13px;\">Wenn Sie mehr \u00fcber die anderen Behandlungen erfahren m\u00f6chten, die wir in der 360 Dental Hospital k\u00f6nnen Sie uns kontaktieren\n<\/p>\n<p>[\/ux_text]<br \/>\n[row_inner]<\/p>\n<p>[col_inner span=&#8220;6&#8243; span__sm=&#8220;12&#8243;]<\/p>\n<p>[button text=&#8220;TERMIN&#8220; expand=&#8220;true&#8220; link=&#8220;https:\/\/360dentalhospital.com\/de\/terminformular\/&#8220;]<\/p>\n<p>[\/col_inner]<br \/>\n[col_inner span=&#8220;6&#8243; span__sm=&#8220;12&#8243;]<\/p>\n<p>[button text=&#8220;KONTAKT&#8220; color=&#8220;success&#8220; expand=&#8220;true&#8220; link=&#8220;https:\/\/360dentalhospital.com\/de\/kontakt\/&#8220;]<\/p>\n<p>[\/col_inner]<\/p>\n<p>[\/row_inner]<\/p>\n<p>[\/col]<\/p>\n<p>[\/row]<\/p>\n<p>[\/section]<br \/>\n[block id=&#8220;1095&#8243;]<\/p>\n","protected":false},"excerpt":{"rendered":"<p>[section] [row v_align=&#8220;middle&#8220; h_align=&#8220;center&#8220;] [col span=&#8220;6&#8243; span__sm=&#8220;12&#8243; align=&#8220;center&#8220;] [ux_image id=&#8220;3081&#8243; image_size=&#8220;original&#8220; width=&#8220;80&#8243; width__sm=&#8220;100&#8243;] [\/col] [col span=&#8220;6&#8243; span__sm=&#8220;12&#8243; sticky=&#8220;true&#8220;] [ux_text font_size=&#8220;1.9&#8243;] E-MAX Lamine [\/ux_text] [divider width=&#8220;100%&#8220; color=&#8220;rgb(138, 198, 213)&#8220;] BEHANDLUNG Unser Patient Michael, der aus Orange County stammte, wollte wei\u00dfe Z\u00e4hne haben. Wir haben uns entschieden, Porzellan Emax Laminat f\u00fcr 24 Z\u00e4hne herzustellen. Mit der Wahl [&hellip;]<\/p>\n","protected":false},"author":1,"featured_media":0,"parent":3397,"menu_order":0,"comment_status":"closed","ping_status":"closed","template":"page-blank.php","meta":{"footnotes":""},"class_list":["post-3409","page","type-page","status-publish","hentry"],"_links":{"self":[{"href":"https:\/\/360dentalhospital.com\/de\/wp-json\/wp\/v2\/pages\/3409","targetHints":{"allow":["GET"]}}],"collection":[{"href":"https:\/\/360dentalhospital.com\/de\/wp-json\/wp\/v2\/pages"}],"about":[{"href":"https:\/\/360dentalhospital.com\/de\/wp-json\/wp\/v2\/types\/page"}],"author":[{"embeddable":true,"href":"https:\/\/360dentalhospital.com\/de\/wp-json\/wp\/v2\/users\/1"}],"replies":[{"embeddable":true,"href":"https:\/\/360dentalhospital.com\/de\/wp-json\/wp\/v2\/comments?post=3409"}],"version-history":[{"count":4,"href":"https:\/\/360dentalhospital.com\/de\/wp-json\/wp\/v2\/pages\/3409\/revisions"}],"predecessor-version":[{"id":3557,"href":"https:\/\/360dentalhospital.com\/de\/wp-json\/wp\/v2\/pages\/3409\/revisions\/3557"}],"up":[{"embeddable":true,"href":"https:\/\/360dentalhospital.com\/de\/wp-json\/wp\/v2\/pages\/3397"}],"wp:attachment":[{"href":"https:\/\/360dentalhospital.com\/de\/wp-json\/wp\/v2\/media?parent=3409"}],"curies":[{"name":"wp","href":"https:\/\/api.w.org\/{rel}","templated":true}]}}