{"id":1717,"date":"2022-10-22T19:46:21","date_gmt":"2022-10-22T19:46:21","guid":{"rendered":"https:\/\/360dentalhospital.com\/contact\/"},"modified":"2026-03-14T14:37:11","modified_gmt":"2026-03-14T14:37:11","slug":"contact","status":"publish","type":"page","link":"https:\/\/360dentalhospital.com\/en\/contact\/","title":{"rendered":"CONTACT"},"content":{"rendered":"\t\t<div data-elementor-type=\"wp-page\" data-elementor-id=\"1717\" class=\"elementor elementor-1717 elementor-195\">\n\t\t\t\t<div class=\"elementor-element elementor-element-6eee19d8 e-flex e-con-boxed e-con e-parent\" data-id=\"6eee19d8\" data-element_type=\"container\" data-settings=\"{&quot;content_width&quot;:&quot;boxed&quot;}\" data-core-v316-plus=\"true\">\n\t\t\t\t\t<div class=\"e-con-inner\">\n\t\t\t\t<div class=\"elementor-element elementor-element-24f7b315 elementor-widget elementor-widget-text-editor\" data-id=\"24f7b315\" data-element_type=\"widget\" data-widget_type=\"text-editor.default\">\n\t\t\t\t<div class=\"elementor-widget-container\">\n\t\t\t<style>\/*! elementor - v3.19.0 - 07-02-2024 *\/\n.elementor-widget-text-editor.elementor-drop-cap-view-stacked .elementor-drop-cap{background-color:#69727d;color:#fff}.elementor-widget-text-editor.elementor-drop-cap-view-framed .elementor-drop-cap{color:#69727d;border:3px solid;background-color:transparent}.elementor-widget-text-editor:not(.elementor-drop-cap-view-default) .elementor-drop-cap{margin-top:8px}.elementor-widget-text-editor:not(.elementor-drop-cap-view-default) .elementor-drop-cap-letter{width:1em;height:1em}.elementor-widget-text-editor .elementor-drop-cap{float:left;text-align:center;line-height:1;font-size:50px}.elementor-widget-text-editor .elementor-drop-cap-letter{display:inline-block}<\/style>\t\t\t\t<p>[section padding=&#8221;15px&#8221; margin=&#8221;-15vh&#8221;]<\/p><p>[row width=&#8221;full-width&#8221; v_align=&#8221;middle&#8221;]<\/p><p>[col span__sm=&#8221;12&#8243;]<\/p><p>[ux_html]<\/p><p><div class=\"wpgmp_map_container \" rel=\"map1\"><div class=\"wpgmp_map_parent\"><div class=\"wpgmp_map \" style=\"width:100%; height:300px;\" id=\"map1\" ><\/div><\/div><\/div><style> .wpgmp-map-1  .wpgmp_infowindow .fc-item-box.fc-item-no-padding{background-image:none;font-family:Montserrat, sans-serif;font-weight:400;font-size:15px;color:rgba(0, 0, 0, 0.87);line-height:21.4286px;background-color:rgb(255, 255, 255);font-style:normal;text-align:start;text-decoration:none solid rgba(0, 0, 0, 0.87);margin-top:0px;margin-bottom:0px;margin-left:0px;margin-right:0px;padding-top:0px;padding-bottom:0px;padding-left:0px;padding-right:0px;} .wpgmp-map-1  .wpgmp_infowindow .fc-item-meta.fc-item-secondary-text-color.fc-item-top-space.fc-text-center{background-image:none;font-family:Montserrat, sans-serif;font-weight:400;font-size:13px;color:rgb(119, 119, 119);line-height:23px;background-color:rgba(0, 0, 0, 0);font-style:normal;text-align:center;text-decoration:none solid rgb(119, 119, 119);margin-top:10px;margin-bottom:7px;margin-left:0px;margin-right:0px;padding-top:0px;padding-bottom:0px;padding-left:0px;padding-right:0px;} .wpgmp-map-1  .wpgmp_infowindow .fc-item-title.fc-item-primary-text-color.fc-text-center{background-image:none;font-family:Montserrat, sans-serif;font-weight:700;font-size:16px;color:rgb(68, 68, 68);line-height:21.4286px;background-color:rgba(0, 0, 0, 0);font-style:normal;text-align:center;text-decoration:none solid rgb(68, 68, 68);margin-top:0px;margin-bottom:5px;margin-left:0px;margin-right:0px;padding-top:0px;padding-bottom:0px;padding-left:0px;padding-right:0px;} .wpgmp-map-1  .wpgmp_infowindow .fc-item-content.fc-item-body-text-color.fc-item-top-space{background-image:none;font-family:Montserrat, sans-serif;font-weight:300;font-size:13px;color:rgb(119, 119, 119);line-height:23px;background-color:rgba(0, 0, 0, 0);font-style:normal;text-align:start;text-decoration:none solid rgb(119, 119, 119);margin-top:10px;margin-bottom:0px;margin-left:0px;margin-right:0px;padding-top:0px;padding-bottom:0px;padding-left:0px;padding-right:0px;}<\/style><div style=\"display:none !important;visiblity:hidden !important:width:0px;height:0px;padding:0px;margin:0px;\" class=\"wpgmp-map-data-container\" data-map-id=\"1\">eyJtYXBfb3B0aW9ucyI6eyJjZW50ZXJfbGF0IjoiNDAuOTc4NjUxIiwiY2VudGVyX2xuZyI6IjI4Ljg3NDU4NSIsInpvb20iOjEyLCJtYXBfdHlwZV9pZCI6IlJPQURNQVAiLCJmaXRfYm91bmRzIjpmYWxzZSwiZHJhZ2dhYmxlIjp0cnVlLCJzY3JvbGxfd2hlZWwiOnRydWUsImRpc3BsYXlfNDVfaW1hZ2VyeSI6IjQ1IiwibWFya2VyX2RlZmF1bHRfaWNvbiI6Imh0dHBzOlwvXC8zNjBiYWtpcmtveS5jb21cL3dwLWNvbnRlbnRcL3VwbG9hZHNcLzIwMjNcLzAxXC9nb29nbGUtbWFwcy1pY29uLTEucG5nIiwiaW5mb3dpbmRvd19zZXR0aW5nIjoiPGRpdiBjbGFzcz1cImZjLWl0ZW0tYm94IGZjLWl0ZW0tbm8tcGFkZGluZ1wiPlxuICAgIHttYXJrZXJfaW1hZ2V9PFwvcD5cbjxkaXYgY2xhc3M9XCJmYy1pdGVtY29udGVudC1wYWRkaW5nXCI+XG48ZGl2IGNsYXNzPVwiZmMtaXRlbS1wYWRkaW5nLWNvbnRlbnRfMjBcIj5cbjxkaXYgY2xhc3M9XCJmYy1pdGVtLW1ldGEgZmMtaXRlbS1zZWNvbmRhcnktdGV4dC1jb2xvciBmYy1pdGVtLXRvcC1zcGFjZSBmYy10ZXh0LWNlbnRlclwiPnttYXJrZXJfY2F0ZWdvcnl9PFwvZGl2PlxuPGRpdiBjbGFzcz1cImZjLWl0ZW0tdGl0bGUgZmMtaXRlbS1wcmltYXJ5LXRleHQtY29sb3IgZmMtdGV4dC1jZW50ZXJcIj57bWFya2VyX3RpdGxlfTxcL2Rpdj5cbjxkaXYgY2xhc3M9XCJmYy1pdGVtLWNvbnRlbnQgZmMtaXRlbS1ib2R5LXRleHQtY29sb3IgZmMtaXRlbS10b3Atc3BhY2VcIj5cbiAgICAgICAgICAgICAgICB7bWFya2VyX21lc3NhZ2V9XG4gICAgICAgICAgICA8XC9kaXY+XG48XC9wPjxcL2Rpdj5cbjxcL3A+PFwvZGl2PlxuPFwvZGl2PlxuIiwiaW5mb3dpbmRvd19ib3VuY2VfYW5pbWF0aW9uIjoibW91c2VvdmVyIiwiaW5mb3dpbmRvd19kcm9wX2FuaW1hdGlvbiI6dHJ1ZSwiY2xvc2VfaW5mb3dpbmRvd19vbl9tYXBfY2xpY2siOmZhbHNlLCJpbmZvd2luZG93X3NraW4iOnsibmFtZSI6InVkaW5lIiwidHlwZSI6ImluZm93aW5kb3ciLCJzb3VyY2Vjb2RlIjoiPGRpdiBjbGFzcz1cImZjLWl0ZW0tYm94IGZjLWl0ZW0tbm8tcGFkZGluZ1wiPlxyXG4gICAge21hcmtlcl9pbWFnZX1cclxuICAgIDxkaXYgY2xhc3M9XCJmYy1pdGVtY29udGVudC1wYWRkaW5nXCI+XHJcbiAgICAgICAgPGRpdiBjbGFzcz1cImZjLWl0ZW0tcGFkZGluZy1jb250ZW50XzIwXCI+XHJcbiAgICAgICAgICAgIDxkaXYgY2xhc3M9XCJmYy1pdGVtLW1ldGEgZmMtaXRlbS1zZWNvbmRhcnktdGV4dC1jb2xvciBmYy1pdGVtLXRvcC1zcGFjZSBmYy10ZXh0LWNlbnRlclwiPnttYXJrZXJfY2F0ZWdvcnl9PFwvZGl2PlxyXG4gICAgICAgICAgICA8ZGl2IGNsYXNzPVwiZmMtaXRlbS10aXRsZSBmYy1pdGVtLXByaW1hcnktdGV4dC1jb2xvciBmYy10ZXh0LWNlbnRlclwiPnttYXJrZXJfdGl0bGV9PFwvZGl2PlxyXG4gICAgICAgICAgICA8ZGl2IGNsYXNzPVwiZmMtaXRlbS1jb250ZW50IGZjLWl0ZW0tYm9keS10ZXh0LWNvbG9yIGZjLWl0ZW0tdG9wLXNwYWNlXCI+XHJcbiAgICAgICAgICAgICAgICB7bWFya2VyX21lc3NhZ2V9XHJcbiAgICAgICAgICAgIDxcL2Rpdj5cclxuXHJcbiAgICAgICAgPFwvZGl2PlxyXG4gICAgPFwvZGl2PlxyXG48XC9kaXY+In0sImRlZmF1bHRfaW5mb3dpbmRvd19vcGVuIjpmYWxzZSwiaW5mb3dpbmRvd19vcGVuX2V2ZW50IjoiY2xpY2siLCJmdWxsX3NjcmVlbl9jb250cm9sIjp0cnVlLCJzZWFyY2hfY29udHJvbCI6dHJ1ZSwiem9vbV9jb250cm9sIjp0cnVlLCJtYXBfdHlwZV9jb250cm9sIjp0cnVlLCJzdHJlZXRfdmlld19jb250cm9sIjp0cnVlLCJmdWxsX3NjcmVlbl9jb250cm9sX3Bvc2l0aW9uIjoiVE9QX0xFRlQiLCJzZWFyY2hfY29udHJvbF9wb3NpdGlvbiI6IlRPUF9MRUZUIiwiem9vbV9jb250cm9sX3Bvc2l0aW9uIjoiVE9QX0xFRlQiLCJtYXBfdHlwZV9jb250cm9sX3Bvc2l0aW9uIjoiVE9QX0xFRlQiLCJtYXBfdHlwZV9jb250cm9sX3N0eWxlIjoiSE9SSVpPTlRBTF9CQVIiLCJzdHJlZXRfdmlld19jb250cm9sX3Bvc2l0aW9uIjoiVE9QX0xFRlQiLCJtYXBfY29udHJvbCI6dHJ1ZSwibWFwX2NvbnRyb2xfc2V0dGluZ3MiOmZhbHNlLCJtYXBfem9vbV9hZnRlcl9zZWFyY2giOjYsIndpZHRoIjoiMTAwJSIsImhlaWdodCI6IjMwMCJ9LCJ0cmFuc2l0X2xheWVyIjp7ImRpc3BsYXlfbGF5ZXIiOnRydWV9LCJwbGFjZXMiOlt7ImlkIjoiMSIsInRpdGxlIjoiMzYwIERlbnRhbCBDbGluaWMiLCJhZGRyZXNzIjoiQ2V2aXpsaWssIDM2MCBBXHUwMTFmXHUwMTMxeiB2ZSBEaVx1MDE1ZiBTYVx1MDExZmxcdTAxMzFcdTAxMWZcdTAxMzEgUG9saWtsaW5pXHUwMTFmaSAtIDM2MCBEZW50YWwgQ2xpbmljLCBGYWhyaSBLb3J1dFx1MDBmY3JrIENhZGRlc2ksIEJha1x1MDEzMXJrXHUwMGY2eVwvXHUwMTMwc3RhbmJ1bCwgVFx1MDBmY3JraXllIiwic291cmNlIjoibWFudWFsIiwiY29udGVudCI6IjxkaXYgY2xhc3M9XCJmYy1pdGVtLWJveCBmYy1pdGVtLW5vLXBhZGRpbmdcIj5cclxuICAgIHttYXJrZXJfaW1hZ2V9XHJcbiAgICA8ZGl2IGNsYXNzPVwiZmMtaXRlbWNvbnRlbnQtcGFkZGluZ1wiPlxyXG4gICAgICAgIDxkaXYgY2xhc3M9XCJmYy1pdGVtLXBhZGRpbmctY29udGVudF8yMFwiPlxyXG4gICAgICAgICAgICA8ZGl2IGNsYXNzPVwiZmMtaXRlbS1tZXRhIGZjLWl0ZW0tc2Vjb25kYXJ5LXRleHQtY29sb3IgZmMtaXRlbS10b3Atc3BhY2UgZmMtdGV4dC1jZW50ZXJcIj57bWFya2VyX2NhdGVnb3J5fTxcL2Rpdj5cclxuICAgICAgICAgICAgPGRpdiBjbGFzcz1cImZjLWl0ZW0tdGl0bGUgZmMtaXRlbS1wcmltYXJ5LXRleHQtY29sb3IgZmMtdGV4dC1jZW50ZXJcIj57bWFya2VyX3RpdGxlfTxcL2Rpdj5cclxuICAgICAgICAgICAgPGRpdiBjbGFzcz1cImZjLWl0ZW0tY29udGVudCBmYy1pdGVtLWJvZHktdGV4dC1jb2xvciBmYy1pdGVtLXRvcC1zcGFjZVwiPlxyXG4gICAgICAgICAgICAgICAge21hcmtlcl9tZXNzYWdlfVxyXG4gICAgICAgICAgICA8XC9kaXY+XHJcblxyXG4gICAgICAgIDxcL2Rpdj5cclxuICAgIDxcL2Rpdj5cclxuPFwvZGl2PiIsImxvY2F0aW9uIjp7Imljb24iOiJodHRwczpcL1wvMzYwZGVudGFsaG9zcGl0YWwuY29tXC93cC1jb250ZW50XC91cGxvYWRzXC8yMDIzXC8wMlwvZ29vZ2xlLW1hcHMtaWNvbl8xLnBuZyIsImxhdCI6IjQwLjk3ODY1MDk5OTk5OTk5IiwibG5nIjoiMjguODc0NTg1NCIsImNpdHkiOiIiLCJzdGF0ZSI6Ilx1MDEzMHN0YW5idWwiLCJjb3VudHJ5IjoiVFx1MDBmY3JraXllIiwib25jbGlja19hY3Rpb24iOiJjdXN0b21fbGluayIsInJlZGlyZWN0X2N1c3RvbV9saW5rIjoiaHR0cHM6XC9cL2dvby5nbFwvbWFwc1wvUkJpNFd4aHF5djdMMTdTTTkiLCJtYXJrZXJfaW1hZ2UiOiIiLCJvcGVuX25ld190YWIiOiJ5ZXMiLCJwb3N0YWxfY29kZSI6IiIsImRyYWdnYWJsZSI6ZmFsc2UsImluZm93aW5kb3dfZGVmYXVsdF9vcGVuIjpmYWxzZSwiYW5pbWF0aW9uIjoiQk9VTkNFIiwiaW5mb3dpbmRvd19kaXNhYmxlIjp0cnVlLCJ6b29tIjo1LCJleHRyYV9maWVsZHMiOiIifSwiY2F0ZWdvcmllcyI6W3siaWQiOiIxIiwibmFtZSI6Ik1hcmtlcjM2MCIsInR5cGUiOiJjYXRlZ29yeSIsImV4dGVuc2lvbl9maWVsZHMiOltdLCJpY29uIjoiaHR0cHM6XC9cLzM2MGRlbnRhbGhvc3BpdGFsLmNvbVwvd3AtY29udGVudFwvdXBsb2Fkc1wvMjAyM1wvMDJcL2dvb2dsZS1tYXBzLWljb25fMS5wbmcifV0sImN1c3RvbV9maWx0ZXJzIjoiIn1dLCJzdHlsZXMiOiIiLCJsaXN0aW5nIjoiIiwibWFya2VyX2NsdXN0ZXIiOiIiLCJtYXBfcHJvcGVydHkiOnsibWFwX2lkIjoiMSIsImRlYnVnX21vZGUiOmZhbHNlfX0=<\/div><br \/>[\/ux_html]<\/p><p>[\/col]<\/p><p>[\/row]<\/p><p>[\/section]<br \/>[section]<\/p><p>[row v_align=&#8221;equal&#8221; h_align=&#8221;center&#8221; depth=&#8221;2&#8243; depth_hover=&#8221;5&#8243;]<\/p><p>[col span=&#8221;4&#8243; span__sm=&#8221;12&#8243; padding=&#8221;15px 15px 15px 15px&#8221; bg_color=&#8221;rgb(255,255,255)&#8221; class=&#8221;location-bg map-icon&#8221;]<\/p><p>[ux_text text_align=&#8221;center&#8221;]<\/p><div class=\"contact-box\"><div class=\"contact-icon-box\"><div class=\"contact-icon-inner\"><img decoding=\"async\" src=\"\/wp-content\/uploads\/2023\/01\/gps.png\" \/><\/div><h4 style=\"font-weight: 600;\">Our ADRESS<\/h4><div class=\"contact-icon-inner\"><img decoding=\"async\" src=\"\/wp-content\/uploads\/2023\/01\/gps.png\" \/><\/div><\/div><div class=\"contact-action\"><a href=\"https:\/\/goo.gl\/maps\/RBi4Wxhqyv7L17SM9\" target=\"_blank\" rel=\"noopener\">Cevizlik, Fahri Korut\u00fcrk Cd. No: 2, 34142 Bak\u0131rk\u00f6y\/\u0130stanbul<\/a><\/div><\/div><p>[\/ux_text]<\/p><p>[\/col]<br \/>[col span=&#8221;4&#8243; span__sm=&#8221;12&#8243; padding=&#8221;15px 15px 15px 15px&#8221; bg_color=&#8221;rgb(255,255,255)&#8221; class=&#8221;location-bg phone-icon&#8221;]<\/p><p>[ux_html]<\/p><div class=\"contact-box\"><div class=\"contact-icon-box\"><div class=\"contact-icon-inner\"><img decoding=\"async\" src=\"\/wp-content\/uploads\/2023\/01\/phone-call.png\" \/><\/div><h4 style=\"font-weight: 600;\">Our Phone number<\/h4><div class=\"contact-icon-inner\"><img decoding=\"async\" src=\"\/wp-content\/uploads\/2023\/01\/phone-call.png\" \/><\/div><\/div><div class=\"contact-action\"><a href=\"tel:+902123603360\">+90 212 360 3 360<\/a><\/div><\/div><p>[\/ux_html]<\/p><p>[\/col]<br \/>[col span=&#8221;4&#8243; span__sm=&#8221;12&#8243; padding=&#8221;15px 15px 15px 15px&#8221; bg_color=&#8221;rgb(255,255,255)&#8221; class=&#8221;location-bg mail-icon&#8221;]<\/p><p>[ux_text text_align=&#8221;center&#8221;]<\/p><div class=\"contact-box\"><div class=\"contact-icon-box\"><div class=\"contact-icon-inner\"><img decoding=\"async\" src=\"\/wp-content\/uploads\/2023\/01\/email.png\" \/><\/div><h4 style=\"font-weight: 600;\">Our Email<\/h4><div class=\"contact-icon-inner\"><img decoding=\"async\" src=\"\/wp-content\/uploads\/2023\/01\/email.png\" \/><\/div><\/div><div class=\"contact-action\"><a href=\"mailto:info@360dentalturkey.com\" target=\"_blank\" rel=\"noopener\">info@360dentalturkey.com<\/a><\/div><\/div><p>[\/ux_text]<\/p><p>[\/col]<\/p><p>[\/row]<br \/>[row v_align=&#8221;equal&#8221; h_align=&#8221;center&#8221; depth=&#8221;2&#8243; depth_hover=&#8221;5&#8243;]<\/p><p>[col span=&#8221;3&#8243; span__sm=&#8221;6&#8243; padding=&#8221;15px 15px 15px 15px&#8221; align=&#8221;center&#8221;]<\/p><p>[ux_image id=&#8221;455&#8243; image_size=&#8221;medium&#8221; width=&#8221;50&#8243; height=&#8221;9vh&#8221;]<\/p><p>[ux_text text_align=&#8221;center&#8221;]<\/p><h5 style=\"font-weight: 600;\">T\u00dcRK\u00c7E DESTEK<\/h5><p style=\"margin: 0px; font-size: 14px;\"><a href=\"tel:+905523603360\">+90 552 360 3 360<\/a><\/p><p>[\/ux_text]<\/p><p>[\/col]<br \/>[col span=&#8221;3&#8243; span__sm=&#8221;6&#8243; padding=&#8221;15px 15px 15px 15px&#8221; align=&#8221;center&#8221;]<\/p><p>[ux_image id=&#8221;456&#8243; image_size=&#8221;medium&#8221; width=&#8221;50&#8243; height=&#8221;9vh&#8221;]<\/p><p>[ux_text text_align=&#8221;center&#8221;]<\/p><h5 style=\"font-weight: 600;\">ENGLISH SUPPORT<\/h5><p style=\"margin: 0px; font-size: 14px;\"><a href=\"tel:+905057616360\">+90 530 366 13 60<\/a><\/p><p>[\/ux_text]<\/p><p>[\/col]<br \/>[col span=&#8221;3&#8243; span__sm=&#8221;6&#8243; padding=&#8221;15px 15px 15px 15px&#8221; align=&#8221;center&#8221;]<\/p><p>[ux_image id=&#8221;457&#8243; image_size=&#8221;medium&#8221; width=&#8221;50&#8243; height=&#8221;9vh&#8221;]<\/p><p>[ux_text text_align=&#8221;center&#8221;]<\/p><h5 class=\"uppercase\" style=\"font-weight: 600;\">Aide en fran\u00e7ais<\/h5><p style=\"margin: 0px; font-size: 14px;\"><a href=\"tel:+905057616360\">+90 530 366 13 60<\/a><\/p><p>[\/ux_text]<\/p><p>[\/col]<br \/>[col span=&#8221;3&#8243; span__sm=&#8221;6&#8243; padding=&#8221;15px 15px 15px 15px&#8221; align=&#8221;center&#8221;]<\/p><p>[ux_image id=&#8221;462&#8243; image_size=&#8221;medium&#8221; width=&#8221;50&#8243; height=&#8221;9vh&#8221;]<\/p><p>[ux_text text_align=&#8221;center&#8221;]<\/p><h5 style=\"font-weight: 600;\">\u0395\u039b\u039b\u0397\u039d\u0399\u039a\u0397 \u0392\u039f\u0397\u0398\u0395\u0399\u0391<\/h5><p style=\"margin: 0px; font-size: 14px;\"><a href=\"tel:+905362644748\">+90 536 264 47\u00a048<\/a><\/p><p>[\/ux_text]<\/p><p>[\/col]<\/p><p>[\/row]<\/p><p>[\/section]<br \/>[section]<\/p><p>[row v_align=&#8221;equal&#8221;]<\/p><p>[col span=&#8221;8&#8243; span__sm=&#8221;12&#8243;]<\/p><h4 style=\"font-weight: 600;\">Contact form<\/h4>\n<div class=\"wpcf7 no-js\" id=\"wpcf7-f3842-o1\" lang=\"tr-TR\" dir=\"ltr\">\n<div class=\"screen-reader-response\"><p role=\"status\" aria-live=\"polite\" aria-atomic=\"true\"><\/p> <ul><\/ul><\/div>\n<form action=\"\/en\/wp-json\/wp\/v2\/pages\/1717#wpcf7-f3842-o1\" method=\"post\" class=\"wpcf7-form init\" aria-label=\"Contact form\" novalidate=\"novalidate\" data-status=\"init\">\n<div style=\"display: none;\">\n<input type=\"hidden\" name=\"_wpcf7\" value=\"3842\" \/>\n<input type=\"hidden\" name=\"_wpcf7_version\" value=\"5.8.5\" \/>\n<input type=\"hidden\" name=\"_wpcf7_locale\" value=\"tr_TR\" \/>\n<input type=\"hidden\" name=\"_wpcf7_unit_tag\" value=\"wpcf7-f3842-o1\" \/>\n<input type=\"hidden\" name=\"_wpcf7_container_post\" value=\"0\" \/>\n<input type=\"hidden\" name=\"_wpcf7_posted_data_hash\" value=\"\" \/>\n<\/div>\n<p><label> name and surname<br \/>\n<span class=\"wpcf7-form-control-wrap\" data-name=\"your-name\"><input size=\"40\" class=\"wpcf7-form-control wpcf7-text wpcf7-validates-as-required\" autocomplete=\"name\" aria-required=\"true\" aria-invalid=\"false\" value=\"\" type=\"text\" name=\"your-name\" \/><\/span> <\/label>\n<\/p>\n<p><label> email adress<br \/>\n<span class=\"wpcf7-form-control-wrap\" data-name=\"your-email\"><input size=\"40\" class=\"wpcf7-form-control wpcf7-email wpcf7-validates-as-required wpcf7-text wpcf7-validates-as-email\" autocomplete=\"email\" aria-required=\"true\" aria-invalid=\"false\" value=\"\" type=\"email\" name=\"your-email\" \/><\/span> <\/label>\n<\/p>\n<p><label> phone number<br \/>\n<span class=\"wpcf7-form-control-wrap\" data-name=\"your-phone-number\"><input size=\"40\" class=\"wpcf7-form-control wpcf7-text wpcf7-validates-as-required\" aria-required=\"true\" aria-invalid=\"false\" value=\"\" type=\"text\" name=\"your-phone-number\" \/><\/span> <\/label><br \/>\n<label> Country<br \/>\n<span class=\"wpcf7-form-control-wrap\" data-name=\"your-country\"><input size=\"40\" class=\"wpcf7-form-control wpcf7-text wpcf7-validates-as-required\" aria-required=\"true\" aria-invalid=\"false\" value=\"\" type=\"text\" name=\"your-country\" \/><\/span> <\/label>\n<\/p>\n<p><label> your message<br \/>\n<span class=\"wpcf7-form-control-wrap\" data-name=\"your-message\"><textarea cols=\"40\" rows=\"10\" class=\"wpcf7-form-control wpcf7-textarea\" aria-invalid=\"false\" name=\"your-message\"><\/textarea><\/span> <\/label>\n<\/p>\n<p><input class=\"wpcf7-form-control wpcf7-submit has-spinner\" type=\"submit\" value=\"G\u00f6nder\" \/>\n<\/p><div class=\"wpcf7-response-output\" aria-hidden=\"true\"><\/div>\n<\/form>\n<\/div>\n<p>[\/col]<br \/>[col span=&#8221;4&#8243; span__sm=&#8221;12&#8243;]<\/p><h4 style=\"font-weight: 600;\">Social Media<\/h4><p>[divider width=&#8221;100%&#8221; color=&#8221;rgb(138, 198, 213)&#8221;]<\/p><p>[row_inner]<\/p><p>[col_inner span=&#8221;4&#8243; span__sm=&#8221;12&#8243; align=&#8221;center&#8221;]<\/p><p>[featured_box img=&#8221;200&#8243; img_width=&#8221;50&#8243; pos=&#8221;center&#8221; title=&#8221;FACEBOOK&#8221; title_small=&#8221;&#8221; link=&#8221;https:\/\/www.facebook.com\/360hospital?mibextid=LQQJ4d&#8221;]<\/p><p>[\/featured_box]<\/p><p>[\/col_inner]<br \/>[col_inner span=&#8221;4&#8243; span__sm=&#8221;12&#8243;]<\/p><p>[featured_box img=&#8221;198&#8243; img_width=&#8221;50&#8243; pos=&#8221;center&#8221; title=&#8221;INSTAGRAM&#8221; title_small=&#8221;&#8221; link=&#8221;https:\/\/www.instagram.com\/360bakirkoy\/?fbclid=IwAR0kjc3jR-d3gtr3HmpcW3S14WgZMCc1uCyyI98JroNdG_yV-cTIB9Wqh4g&#8221;]<\/p><p>[\/featured_box]<\/p><p>[\/col_inner]<br \/>[col_inner span=&#8221;4&#8243; span__sm=&#8221;12&#8243;]<\/p><p>[featured_box img=&#8221;1282&#8243; img_width=&#8221;50&#8243; pos=&#8221;center&#8221; title=&#8221;YOUTUBE&#8221; title_small=&#8221;&#8221; link=&#8221;https:\/\/www.youtube.com\/channel\/UCgitBh6Cvbl81iYarmiJqfQ&#8221;]<\/p><p>[\/featured_box]<\/p><p>[\/col_inner]<\/p><p>[\/row_inner]<\/p><p>[\/col]<\/p><p>[\/row]<\/p><p>[\/section]<\/p>\t\t\t\t\t\t<\/div>\n\t\t\t\t<\/div>\n\t\t\t\t\t<\/div>\n\t\t\t\t<\/div>\n\t\t\t\t<\/div>\n\t\t","protected":false},"excerpt":{"rendered":"<p>[section padding=&#8221;15px&#8221; margin=&#8221;-15vh&#8221;] [row width=&#8221;full-width&#8221; v_align=&#8221;middle&#8221;] [col span__sm=&#8221;12&#8243;] [ux_html] [\/ux_html] [\/col] [\/row] [\/section][section] [row v_align=&#8221;equal&#8221; h_align=&#8221;center&#8221; depth=&#8221;2&#8243; depth_hover=&#8221;5&#8243;] [col span=&#8221;4&#8243; span__sm=&#8221;12&#8243; padding=&#8221;15px 15px 15px 15px&#8221; bg_color=&#8221;rgb(255,255,255)&#8221;] [ux_text text_align=&#8221;center&#8221;] Our ADRESS Cevizlik, Fahri Korut\u00fcrk Cd. No: 2, 34142 Bak\u0131rk\u00f6y\/\u0130stanbul [\/ux_text] [\/col][col span=&#8221;4&#8243; span__sm=&#8221;12&#8243; padding=&#8221;15px 15px 15px 15px&#8221; bg_color=&#8221;rgb(255,255,255)&#8221;] [ux_html] Our Phone number +90 212 360 3 [&hellip;]<\/p>\n","protected":false},"author":1,"featured_media":0,"parent":0,"menu_order":0,"comment_status":"closed","ping_status":"closed","template":"page-blank.php","meta":{"footnotes":""},"class_list":["post-1717","page","type-page","status-publish","hentry"],"_links":{"self":[{"href":"https:\/\/360dentalhospital.com\/en\/wp-json\/wp\/v2\/pages\/1717","targetHints":{"allow":["GET"]}}],"collection":[{"href":"https:\/\/360dentalhospital.com\/en\/wp-json\/wp\/v2\/pages"}],"about":[{"href":"https:\/\/360dentalhospital.com\/en\/wp-json\/wp\/v2\/types\/page"}],"author":[{"embeddable":true,"href":"https:\/\/360dentalhospital.com\/en\/wp-json\/wp\/v2\/users\/1"}],"replies":[{"embeddable":true,"href":"https:\/\/360dentalhospital.com\/en\/wp-json\/wp\/v2\/comments?post=1717"}],"version-history":[{"count":53,"href":"https:\/\/360dentalhospital.com\/en\/wp-json\/wp\/v2\/pages\/1717\/revisions"}],"predecessor-version":[{"id":6209,"href":"https:\/\/360dentalhospital.com\/en\/wp-json\/wp\/v2\/pages\/1717\/revisions\/6209"}],"wp:attachment":[{"href":"https:\/\/360dentalhospital.com\/en\/wp-json\/wp\/v2\/media?parent=1717"}],"curies":[{"name":"wp","href":"https:\/\/api.w.org\/{rel}","templated":true}]}}