{"id":2282,"date":"2022-10-22T20:04:04","date_gmt":"2022-10-22T20:04:04","guid":{"rendered":"https:\/\/360dentalhospital.com\/sobre-nosotros\/"},"modified":"2024-01-29T13:18:07","modified_gmt":"2024-01-29T13:18:07","slug":"sobre-nosotros","status":"publish","type":"page","link":"https:\/\/360dentalhospital.com\/es\/sobre-nosotros\/","title":{"rendered":"SOBRE NOSOTROS"},"content":{"rendered":"\t\t<div data-elementor-type=\"wp-page\" data-elementor-id=\"2282\" class=\"elementor elementor-2282 elementor-209\">\n\t\t\t\t<div class=\"elementor-element elementor-element-3111069d e-flex e-con-boxed e-con e-parent\" data-id=\"3111069d\" data-element_type=\"container\" data-settings=\"{&quot;content_width&quot;:&quot;boxed&quot;}\" data-core-v316-plus=\"true\">\n\t\t\t\t\t<div class=\"e-con-inner\">\n\t\t\t\t<div class=\"elementor-element elementor-element-4e964400 elementor-widget elementor-widget-text-editor\" data-id=\"4e964400\" data-element_type=\"widget\" data-widget_type=\"text-editor.default\">\n\t\t\t\t<div class=\"elementor-widget-container\">\n\t\t\t<style>\/*! elementor - v3.19.0 - 07-02-2024 *\/\n.elementor-widget-text-editor.elementor-drop-cap-view-stacked .elementor-drop-cap{background-color:#69727d;color:#fff}.elementor-widget-text-editor.elementor-drop-cap-view-framed .elementor-drop-cap{color:#69727d;border:3px solid;background-color:transparent}.elementor-widget-text-editor:not(.elementor-drop-cap-view-default) .elementor-drop-cap{margin-top:8px}.elementor-widget-text-editor:not(.elementor-drop-cap-view-default) .elementor-drop-cap-letter{width:1em;height:1em}.elementor-widget-text-editor .elementor-drop-cap{float:left;text-align:center;line-height:1;font-size:50px}.elementor-widget-text-editor .elementor-drop-cap-letter{display:inline-block}<\/style>\t\t\t\t<p>[section padding=\u00bb10px\u00bb]<\/p><p>[row v_align=\u00bbbottom\u00bb h_align=\u00bbcenter\u00bb]<\/p><p>[col span=\u00bb6&#8243; span__sm=\u00bb12&#8243;]<\/p><p>[ux_html]<\/p><div class=\"title-dent\">ANA SAYFA \/ HAKKIMIZDA<\/div><div class=\"title-dent-2\"><strong>Sobre nosotros<\/strong><\/div><p>[\/ux_html]<br \/>[divider width=\u00bb100%\u00bb color=\u00bbrgb(138, 198, 213)\u00bb]<\/p><p>[ux_text font_size=\u00bb0.9&#8243;]<\/p><p>En la Cl\u00ednica Dental 360, nos comprometemos a proporcionar cuidados dentales excepcionales a nuestros pacientes. Ubicada en el coraz\u00f3n de Estambul, nuestra cl\u00ednica ofrece una amplia gama de servicios, incluyendo odontolog\u00eda general, restauradora y est\u00e9tica.<\/p><p>Nuestro equipo dedicado se enfoca en establecer y mantener la salud dental, y nuestros especialistas pueden ayudarte con una variedad de tratamientos, como cuidados de enc\u00edas y tratamientos de conducto radicular. Nos enorgullece ofrecer atenci\u00f3n personalizada y nos esforzamos por garantizar la satisfacci\u00f3n del paciente. Ya sea que est\u00e9s buscando implantes dentales, carillas o coronas, estamos aqu\u00ed para ayudarte a lograr y mantener una sonrisa saludable y hermosa.<\/p><p>Nuestra cl\u00ednica est\u00e1 equipada con la \u00faltima tecnolog\u00eda dental, y nuestro equipo est\u00e1 dedicado a la educaci\u00f3n dental continua para brindarte la mejor atenci\u00f3n posible. Damos la bienvenida a pacientes de cualquier parte del mundo y esperamos poder atenderte con el m\u00e1s alto est\u00e1ndar de cuidado dental.<\/p><h3>NUESTRO OBJETIVO<\/h3><div class=\"flex-1 overflow-hidden\"><div class=\"react-scroll-to-bottom--css-skjqh-79elbk h-full\"><div class=\"react-scroll-to-bottom--css-skjqh-1n7m0yu\"><div class=\"flex flex-col pb-9 text-sm\"><div class=\"w-full text-token-text-primary\" data-testid=\"conversation-turn-15\"><div class=\"px-4 py-2 justify-center text-base md:gap-6 m-auto\"><div class=\"flex flex-1 text-base mx-auto gap-3 md:px-5 lg:px-1 xl:px-5 md:max-w-3xl lg:max-w-[40rem] xl:max-w-[48rem] group final-completion\"><div class=\"relative flex w-full flex-col lg:w-[calc(100%-115px)] agent-turn\"><div class=\"flex-col gap-1 md:gap-3\"><div class=\"flex flex-grow flex-col max-w-full\"><div class=\"min-h-[20px] text-message flex flex-col items-start gap-3 whitespace-pre-wrap break-words [.text-message+&amp;]:mt-5 overflow-x-auto\" data-message-author-role=\"assistant\" data-message-id=\"46b599a9-62bd-4319-9eba-35e285b568a8\"><div class=\"markdown prose w-full break-words dark:prose-invert light\"><p>La familia 360 est\u00e1 dedicada a hacer realidad el sue\u00f1o de cada persona de recibir cuidados dentales excepcionales en 360. Nos comprometemos con la mejora continua, esforz\u00e1ndonos por superarnos cada d\u00eda. Nuestro objetivo es proporcionar los mejores servicios dentales posibles, asegurando que cada individuo pueda experimentar el m\u00e1s alto est\u00e1ndar de cuidado.<\/p><\/div><\/div><\/div><div class=\"mt-1 flex justify-start gap-3 empty:hidden\"><div class=\"text-gray-400 flex self-end lg:self-center justify-center lg:justify-start mt-0 -ml-1 visible\"><button class=\"flex items-center gap-1.5 rounded-md p-1 text-xs text-token-text-tertiary hover:text-token-text-primary md:invisible md:group-hover:visible md:group-[.final-completion]:visible\"><\/button><div class=\"flex items-center gap-1.5 text-xs\">\u00a0<\/div><\/div><\/div><\/div><\/div><\/div><\/div><\/div><\/div><\/div><\/div><\/div><p>[\/ux_text]<br \/>[ux_image id=\u00bb325&#8243; image_size=\u00bboriginal\u00bb height=\u00bb40vh\u00bb]<\/p><p>[\/col]<br \/>[col span=\u00bb6&#8243; span__sm=\u00bb12&#8243; margin=\u00bb0px 0px 0px 0px\u00bb]<\/p><p>[ux_image id=\u00bb926&#8243; image_size=\u00bboriginal\u00bb]<\/p><p>[\/col]<\/p><p>[\/row]<\/p><p>[\/section]<br \/>[block id=\u00bb1375&#8243;]<\/p>\t\t\t\t\t\t<\/div>\n\t\t\t\t<\/div>\n\t\t\t\t\t<\/div>\n\t\t\t\t<\/div>\n\t\t\t\t<\/div>\n\t\t","protected":false},"excerpt":{"rendered":"<p>[section padding=\u00bb10px\u00bb] [row v_align=\u00bbbottom\u00bb h_align=\u00bbcenter\u00bb] [col span=\u00bb6&#8243; span__sm=\u00bb12&#8243;] [ux_html] ANA SAYFA \/ HAKKIMIZDASobre nosotros [\/ux_html][divider width=\u00bb100%\u00bb color=\u00bbrgb(138, 198, 213)\u00bb] [ux_text font_size=\u00bb0.9&#8243;] En la Cl\u00ednica Dental 360, nos comprometemos a proporcionar cuidados dentales excepcionales a nuestros pacientes. Ubicada en el coraz\u00f3n de Estambul, nuestra cl\u00ednica ofrece una amplia gama de servicios, incluyendo odontolog\u00eda general, restauradora y [&hellip;]<\/p>\n","protected":false},"author":1,"featured_media":0,"parent":0,"menu_order":0,"comment_status":"closed","ping_status":"closed","template":"page-blank.php","meta":{"footnotes":""},"class_list":["post-2282","page","type-page","status-publish","hentry"],"_links":{"self":[{"href":"https:\/\/360dentalhospital.com\/es\/wp-json\/wp\/v2\/pages\/2282","targetHints":{"allow":["GET"]}}],"collection":[{"href":"https:\/\/360dentalhospital.com\/es\/wp-json\/wp\/v2\/pages"}],"about":[{"href":"https:\/\/360dentalhospital.com\/es\/wp-json\/wp\/v2\/types\/page"}],"author":[{"embeddable":true,"href":"https:\/\/360dentalhospital.com\/es\/wp-json\/wp\/v2\/users\/1"}],"replies":[{"embeddable":true,"href":"https:\/\/360dentalhospital.com\/es\/wp-json\/wp\/v2\/comments?post=2282"}],"version-history":[{"count":5,"href":"https:\/\/360dentalhospital.com\/es\/wp-json\/wp\/v2\/pages\/2282\/revisions"}],"predecessor-version":[{"id":5097,"href":"https:\/\/360dentalhospital.com\/es\/wp-json\/wp\/v2\/pages\/2282\/revisions\/5097"}],"wp:attachment":[{"href":"https:\/\/360dentalhospital.com\/es\/wp-json\/wp\/v2\/media?parent=2282"}],"curies":[{"name":"wp","href":"https:\/\/api.w.org\/{rel}","templated":true}]}}