{"id":2322,"date":"2023-01-28T21:43:00","date_gmt":"2023-01-28T21:43:00","guid":{"rendered":"https:\/\/360dentalhospital.com\/caso\/zirconio-2\/"},"modified":"2023-02-05T22:58:58","modified_gmt":"2023-02-05T22:58:58","slug":"zirconio-2","status":"publish","type":"page","link":"https:\/\/360dentalhospital.com\/es\/caso\/zirconio-2\/","title":{"rendered":"Zirconio"},"content":{"rendered":"<p>[section]<\/p>\n<p>[row v_align=\u00bbmiddle\u00bb h_align=\u00bbcenter\u00bb]<\/p>\n<p>[col span=\u00bb6&#8243; span__sm=\u00bb12&#8243; align=\u00bbcenter\u00bb]<\/p>\n<p>[ux_image id=\u00bb2253&#8243; image_size=\u00bboriginal\u00bb width=\u00bb80&#8243;]<\/p>\n<p>[\/col]<br \/>\n[col span=\u00bb6&#8243; span__sm=\u00bb12&#8243; sticky=\u00bbtrue\u00bb]<\/p>\n<p>[ux_text font_size=\u00bb1.9&#8243;]<\/p>\n<h1 style=\"margin: 0;\">Zirconio<\/h1>\n<p>[\/ux_text]<br \/>\n[divider width=\u00bb100%\u00bb color=\u00bbrgb(138, 198, 213)\u00bb]<\/p>\n<h4><strong>TRATAMIENTO<\/strong><\/h4>\n<p>Nicola, nuestra paciente de Guinea, ten\u00eda los dientes desgastados debido a la abrasi\u00f3n por apretar excesivamente los dientes y el cierre de los dientes tambi\u00e9n se hab\u00eda deteriorado. Conseguimos la sonrisa perfecta de sus sue\u00f1os eligiendo el color 360 Natural White. Con carillas de circonio tanto naturales como nuevas y brillantes, Nicola consigui\u00f3 los dientes que le gustaban.<\/p>\n<p>[divider width=\u00bb100%\u00bb color=\u00bbrgb(138, 198, 213)\u00bb]<\/p>\n<p>[ux_text text_align=\u00bbcenter\u00bb]<\/p>\n<p style=\"font-size:13px;\">Si quieres saber m\u00e1s sobre el resto de tratamientos que ofrecemos en la Cl\u00ednica Dental 360, puedes ponerte en contacto con nosotros.\n<\/p>\n<p>[\/ux_text]<br \/>\n[row_inner]<\/p>\n<p>[col_inner span=\u00bb6&#8243; span__sm=\u00bb12&#8243;]<\/p>\n<p>[button text=\u00bbRESERVAR UNA CITA\u00bb expand=\u00bbtrue\u00bb link=\u00bbhttps:\/\/360dentalhospital.com\/es\/formulario-de-cita\/\u00bb]<\/p>\n<p>[\/col_inner]<br \/>\n[col_inner span=\u00bb6&#8243; span__sm=\u00bb12&#8243;]<\/p>\n<p>[button text=\u00bbCONTACTO\u00bb color=\u00bbsuccess\u00bb expand=\u00bbtrue\u00bb link=\u00bbhttps:\/\/360dentalhospital.com\/es\/contacto\/\u00bb]<\/p>\n<p>[\/col_inner]<\/p>\n<p>[\/row_inner]<\/p>\n<p>[\/col]<\/p>\n<p>[\/row]<\/p>\n<p>[\/section]<br \/>\n[block id=\u00bb1095&#8243;]<\/p>\n","protected":false},"excerpt":{"rendered":"<p>[section] [row v_align=\u00bbmiddle\u00bb h_align=\u00bbcenter\u00bb] [col span=\u00bb6&#8243; span__sm=\u00bb12&#8243; align=\u00bbcenter\u00bb] [ux_image id=\u00bb2253&#8243; image_size=\u00bboriginal\u00bb width=\u00bb80&#8243;] [\/col] [col span=\u00bb6&#8243; span__sm=\u00bb12&#8243; sticky=\u00bbtrue\u00bb] [ux_text font_size=\u00bb1.9&#8243;] Zirconio [\/ux_text] [divider width=\u00bb100%\u00bb color=\u00bbrgb(138, 198, 213)\u00bb] TRATAMIENTO Nicola, nuestra paciente de Guinea, ten\u00eda los dientes desgastados debido a la abrasi\u00f3n por apretar excesivamente los dientes y el cierre de los dientes tambi\u00e9n se hab\u00eda deteriorado. [&hellip;]<\/p>\n","protected":false},"author":1,"featured_media":0,"parent":2304,"menu_order":0,"comment_status":"closed","ping_status":"closed","template":"page-blank.php","meta":{"footnotes":""},"class_list":["post-2322","page","type-page","status-publish","hentry"],"_links":{"self":[{"href":"https:\/\/360dentalhospital.com\/es\/wp-json\/wp\/v2\/pages\/2322","targetHints":{"allow":["GET"]}}],"collection":[{"href":"https:\/\/360dentalhospital.com\/es\/wp-json\/wp\/v2\/pages"}],"about":[{"href":"https:\/\/360dentalhospital.com\/es\/wp-json\/wp\/v2\/types\/page"}],"author":[{"embeddable":true,"href":"https:\/\/360dentalhospital.com\/es\/wp-json\/wp\/v2\/users\/1"}],"replies":[{"embeddable":true,"href":"https:\/\/360dentalhospital.com\/es\/wp-json\/wp\/v2\/comments?post=2322"}],"version-history":[{"count":10,"href":"https:\/\/360dentalhospital.com\/es\/wp-json\/wp\/v2\/pages\/2322\/revisions"}],"predecessor-version":[{"id":3356,"href":"https:\/\/360dentalhospital.com\/es\/wp-json\/wp\/v2\/pages\/2322\/revisions\/3356"}],"up":[{"embeddable":true,"href":"https:\/\/360dentalhospital.com\/es\/wp-json\/wp\/v2\/pages\/2304"}],"wp:attachment":[{"href":"https:\/\/360dentalhospital.com\/es\/wp-json\/wp\/v2\/media?parent=2322"}],"curies":[{"name":"wp","href":"https:\/\/api.w.org\/{rel}","templated":true}]}}