{"id":3153,"date":"2022-12-02T11:35:29","date_gmt":"2022-12-02T11:35:29","guid":{"rendered":"https:\/\/360dentalhospital.com\/politique-de-confidentialite\/"},"modified":"2022-12-02T11:35:29","modified_gmt":"2022-12-02T11:35:29","slug":"politique-de-confidentialite","status":"publish","type":"page","link":"https:\/\/360dentalhospital.com\/fr\/politique-de-confidentialite\/","title":{"rendered":"Politique de confidentialit\u00e9"},"content":{"rendered":"<p>Derni\u00e8re mise \u00e0 jour :  2 d\u00e9cembre 2022<\/p>\n<p>  (\u00ab\u00a0nous\u00a0\u00bb, \u00ab\u00a0notre\u00a0\u00bb ou \u00ab\u00a0nos\u00a0\u00bb) exploite le site web  (le \u00ab\u00a0service\u00a0\u00bb).<\/p>\n<p>Cette page vous informe de nos politiques concernant la collecte, l&rsquo;utilisation et la divulgation des informations personnelles lorsque vous utilisez notre service.<\/p>\n<p>Nous n&rsquo;utiliserons ni ne partagerons vos informations avec quiconque, sauf dans les cas d\u00e9crits dans la pr\u00e9sente politique de confidentialit\u00e9.<\/p>\n<p>Nous utilisons vos informations personnelles pour fournir et am\u00e9liorer le service. En utilisant le service, vous acceptez la collecte et l&rsquo;utilisation d&rsquo;informations conform\u00e9ment \u00e0 la pr\u00e9sente politique. Sauf d\u00e9finition contraire dans la pr\u00e9sente politique de confidentialit\u00e9, les termes utilis\u00e9s dans la pr\u00e9sente politique de confidentialit\u00e9 ont la m\u00eame signification que dans nos conditions g\u00e9n\u00e9rales, accessibles \u00e0 l&rsquo;adresse https:\/\/360bakirkoy.com.<\/p>\n<h2>Collecte et utilisation des informations<\/h2>\n<p>Lors de l&rsquo;utilisation de notre service, nous pouvons vous demander de nous fournir certaines informations personnellement identifiables qui peuvent \u00eatre utilis\u00e9es pour vous contacter ou vous identifier.<br \/>\nLes informations personnellement identifiables (\u00ab\u00a0Informations personnelles\u00a0\u00bb) peuvent inclure, mais ne sont pas limit\u00e9es \u00e0 : <\/p>\n<ul>\n<li>Ad<\/li>\n<li>Adresse \u00e9lectronique<\/li>\n<li>Num\u00e9ro de t\u00e9l\u00e9phone<\/li>\n<li>Adresse<\/li>\n<\/ul>\n<h2>Donn\u00e9es quotidiennes<\/h2>\n<p>Nous recueillons les informations que votre navigateur envoie lorsque vous visitez notre service (\u00ab\u00a0donn\u00e9es de journal\u00a0\u00bb).<br \/>\nCes donn\u00e9es de journal peuvent inclure des informations telles que l&rsquo;adresse de protocole Internet (\u00ab\u00a0IP\u00a0\u00bb) de votre ordinateur, le type de navigateur, la version du navigateur, les pages de notre Service que vous visitez, l&rsquo;heure et la date de votre visite, le temps pass\u00e9 sur ces pages, et d&rsquo;autres informations.<br \/>\nStatistiques.  <\/p>\n<h2>Cookies<\/h2>\n<p>Les cookies sont des fichiers contenant de petites quantit\u00e9s de donn\u00e9es qui peuvent contenir un identifiant unique anonyme.<br \/>\nLes cookies sont envoy\u00e9s par un site web \u00e0 votre navigateur et stock\u00e9s sur le disque dur de votre ordinateur.<br \/>\nNous utilisons des \u00ab\u00a0cookies\u00a0\u00bb pour collecter des informations.<br \/>\nVous pouvez demander \u00e0 votre navigateur de rejeter tous les cookies ou d&rsquo;indiquer quand un cookie est envoy\u00e9.<br \/>\nToutefois, si vous n&rsquo;acceptez pas les cookies, il se peut que vous ne puissiez pas utiliser certaines parties de notre service. <\/p>\n<h2>Fournisseurs de services<\/h2>\n<p>Nous pouvons engager des soci\u00e9t\u00e9s et des personnes tierces pour faciliter notre service, fournir des services en notre nom, ex\u00e9cuter des services li\u00e9s au service ou nous aider \u00e0 analyser la fa\u00e7on dont notre service est utilis\u00e9.<br \/>\nCes tiers n&rsquo;ont acc\u00e8s \u00e0 vos informations personnelles que pour effectuer ces t\u00e2ches en notre nom et sont tenus de ne pas les divulguer ni de les utiliser \u00e0 d&rsquo;autres fins.<\/p>\n<h2>S\u00e9curit\u00e9<\/h2>\n<p>La s\u00e9curit\u00e9 de vos informations personnelles est importante pour nous, mais n&rsquo;oubliez pas qu&rsquo;aucune m\u00e9thode de transmission sur Internet ou de stockage \u00e9lectronique n&rsquo;est s\u00fbre \u00e0 100 %.<br \/>\nBien que nous nous efforcions d&rsquo;utiliser des m\u00e9thodes commercialement acceptables pour prot\u00e9ger vos informations personnelles, nous ne pouvons pas garantir leur s\u00e9curit\u00e9 absolue. <\/p>\n<h2>Liens vers d&rsquo;autres sites<\/h2>\n<p>Notre service peut contenir des liens vers d&rsquo;autres sites non exploit\u00e9s par nous.<br \/>\nSi vous cliquez sur un lien de tiers, vous serez dirig\u00e9 vers le site de ce tiers.<br \/>\nNous vous encourageons vivement \u00e0 consulter la politique de confidentialit\u00e9 de chaque site que vous visitez.<br \/>\nNous n&rsquo;avons aucun contr\u00f4le et n&rsquo;assumons aucune responsabilit\u00e9 quant au contenu, aux politiques de confidentialit\u00e9 ou aux pratiques de tout site ou service tiers.  <\/p>\n<h2>La vie priv\u00e9e des enfants<\/h2>\n<p>Notre service n&rsquo;est pas destin\u00e9 aux personnes \u00e2g\u00e9es de moins de 18 ans (les \u00ab\u00a0enfants\u00a0\u00bb).<br \/>\nNous ne collectons pas sciemment d&rsquo;informations personnellement identifiables aupr\u00e8s d&rsquo;enfants de moins de 18 ans.<br \/>\nSi vous \u00eates un parent ou un tuteur et que vous savez que votre enfant nous a fourni des informations personnelles, veuillez nous contacter.<br \/>\nSi nous apprenons qu&rsquo;un enfant de moins de 18 ans nous a fourni des informations personnelles, nous supprimerons imm\u00e9diatement ces informations de nos serveurs.<\/p>\n<h2>Modifications de la pr\u00e9sente politique de confidentialit\u00e9<\/h2>\n<p>Nous pouvons mettre \u00e0 jour notre politique de confidentialit\u00e9 de temps \u00e0 autre.<br \/>\nNous vous informerons de toute modification en publiant la nouvelle politique de confidentialit\u00e9 sur cette page.<br \/>\nNous vous conseillons de consulter r\u00e9guli\u00e8rement cette politique de confidentialit\u00e9 pour prendre connaissance des \u00e9ventuelles modifications.<br \/>\nLes modifications apport\u00e9es \u00e0 la pr\u00e9sente politique de confidentialit\u00e9 entrent en vigueur d\u00e8s leur publication sur cette page. <\/p>\n<h2>Nous contacter<\/h2>\n<p>Si vous avez des questions sur cette politique de confidentialit\u00e9, veuillez nous contacter.<\/p>\n","protected":false},"excerpt":{"rendered":"<p>Derni\u00e8re mise \u00e0 jour : (\u00ab\u00a0nous\u00a0\u00bb, \u00ab\u00a0notre\u00a0\u00bb ou \u00ab\u00a0nos\u00a0\u00bb) exploite le site web (le \u00ab\u00a0service\u00a0\u00bb). Cette page vous informe de nos politiques concernant la collecte, l&rsquo;utilisation et la divulgation des informations personnelles lorsque vous utilisez notre service. Nous n&rsquo;utiliserons ni ne partagerons vos informations avec quiconque, sauf dans les cas d\u00e9crits dans la pr\u00e9sente politique [&hellip;]<\/p>\n","protected":false},"author":1,"featured_media":0,"parent":0,"menu_order":0,"comment_status":"closed","ping_status":"closed","template":"","meta":{"footnotes":""},"class_list":["post-3153","page","type-page","status-publish","hentry"],"_links":{"self":[{"href":"https:\/\/360dentalhospital.com\/fr\/wp-json\/wp\/v2\/pages\/3153","targetHints":{"allow":["GET"]}}],"collection":[{"href":"https:\/\/360dentalhospital.com\/fr\/wp-json\/wp\/v2\/pages"}],"about":[{"href":"https:\/\/360dentalhospital.com\/fr\/wp-json\/wp\/v2\/types\/page"}],"author":[{"embeddable":true,"href":"https:\/\/360dentalhospital.com\/fr\/wp-json\/wp\/v2\/users\/1"}],"replies":[{"embeddable":true,"href":"https:\/\/360dentalhospital.com\/fr\/wp-json\/wp\/v2\/comments?post=3153"}],"version-history":[{"count":0,"href":"https:\/\/360dentalhospital.com\/fr\/wp-json\/wp\/v2\/pages\/3153\/revisions"}],"wp:attachment":[{"href":"https:\/\/360dentalhospital.com\/fr\/wp-json\/wp\/v2\/media?parent=3153"}],"curies":[{"name":"wp","href":"https:\/\/api.w.org\/{rel}","templated":true}]}}